{"id":3,"date":"2025-11-03T17:26:10","date_gmt":"2025-11-03T16:26:10","guid":{"rendered":"https:\/\/www.dulcemorita.com.mx\/?page_id=3"},"modified":"2025-11-03T22:47:08","modified_gmt":"2025-11-04T04:47:08","slug":"politica-privacidad","status":"publish","type":"page","link":"https:\/\/www.dulcemorita.com.mx\/?page_id=3","title":{"rendered":"Aviso de Privacidad"},"content":{"rendered":"<p>[et_pb_section fb_built=\u00bb1&#8243; admin_label=\u00bbsection\u00bb _builder_version=\u00bb4.27.4&#8243; background_color=\u00bb#f8f5ee\u00bb hover_enabled=\u00bb0&#8243; global_colors_info=\u00bb{}\u00bb custom_margin=\u00bb||||false|false\u00bb custom_padding=\u00bb130px||||false|false\u00bb sticky_enabled=\u00bb0&#8243;][et_pb_row admin_label=\u00bbrow\u00bb _builder_version=\u00bb4.16&#8243; background_size=\u00bbinitial\u00bb background_position=\u00bbtop_left\u00bb background_repeat=\u00bbrepeat\u00bb global_colors_info=\u00bb{}\u00bb][et_pb_column type=\u00bb4_4&#8243; _builder_version=\u00bb4.16&#8243; custom_padding=\u00bb|||\u00bb global_colors_info=\u00bb{}\u00bb custom_padding__hover=\u00bb|||\u00bb][et_pb_text _builder_version=\u00bb4.27.4&#8243; _module_preset=\u00bbdefault\u00bb header_2_font=\u00bb|700|||||||\u00bb header_2_text_align=\u00bbcenter\u00bb header_2_text_color=\u00bb#d4b75c\u00bb header_2_font_size=\u00bb40px\u00bb global_colors_info=\u00bb{}\u00bb]<\/p>\n<h2>AVISO\u00a0 DE\u00a0 PRIVACIDAD<\/h2>\n<p>[\/et_pb_text][et_pb_text _builder_version=\u00bb4.27.4&#8243; _module_preset=\u00bbdefault\u00bb text_text_color=\u00bb#5b2c89&#8243; header_2_font=\u00bb|700|||||||\u00bb header_2_text_color=\u00bb#2d9c4e\u00bb text_orientation=\u00bbjustified\u00bb global_colors_info=\u00bb{}\u00bb]<\/p>\n<h2 data-start=\"493\" data-end=\"538\">1. Identidad y Domicilio del Responsable<\/h2>\n<p data-start=\"539\" data-end=\"985\"><strong data-start=\"539\" data-end=\"569\"><\/strong><\/p>\n<p data-start=\"539\" data-end=\"985\"><strong data-start=\"539\" data-end=\"569\">DULCE MORITA,<\/strong> nombre Comercial representado por <strong>B&amp;B WORLD TRADING S.A de C.V<\/strong> con domicilio en Calle Torcuato Tasso #245 Col. Polanco V secci\u00f3n, alcald\u00eda Miguel Hidalgo, C.P. 11560, Ciudad de M\u00e9xico, es responsable del tratamiento, uso, protecci\u00f3n y confidencialidad de los datos personales que recaba de sus clientes, proveedores, usuarios y visitantes del sitio web <strong data-start=\"825\" data-end=\"851\"><a data-start=\"827\" data-end=\"849\" rel=\"noopener\" target=\"_new\" class=\"decorated-link cursor-pointer\">www.dulcemorita.com.mx<span aria-hidden=\"true\" class=\"ms-0.5 inline-block align-middle leading-none\"><svg width=\"20\" height=\"20\" viewbox=\"0 0 20 20\" fill=\"currentColor\" xmlns=\"http:\/\/www.w3.org\/2000\/svg\" data-rtl-flip=\"\" class=\"block h-[0.75em] w-[0.75em] stroke-current stroke-[0.75]\"><path d=\"M14.3349 13.3301V6.60645L5.47065 15.4707C5.21095 15.7304 4.78895 15.7304 4.52925 15.4707C4.26955 15.211 4.26955 14.789 4.52925 14.5293L13.3935 5.66504H6.66011C6.29284 5.66504 5.99507 5.36727 5.99507 5C5.99507 4.63273 6.29284 4.33496 6.66011 4.33496H14.9999L15.1337 4.34863C15.4369 4.41057 15.665 4.67857 15.665 5V13.3301C15.6649 13.6973 15.3672 13.9951 14.9999 13.9951C14.6327 13.9951 14.335 13.6973 14.3349 13.3301Z\"><\/path><\/svg><\/span><\/a><\/strong>, en cumplimiento de la <strong data-start=\"875\" data-end=\"956\">Ley Federal de Protecci\u00f3n de Datos Personales en Posesi\u00f3n de los Particulares<\/strong> (LFPDPPP) y su Reglamento.<\/p>\n<hr data-start=\"987\" data-end=\"990\" \/>\n<h2 data-start=\"992\" data-end=\"1031\"><\/h2>\n<h2 data-start=\"992\" data-end=\"1031\">2. Datos Personales que se Recaban<\/h2>\n<p data-start=\"1032\" data-end=\"1252\"><strong data-start=\"1032\" data-end=\"1048\">DULCE MORITA<\/strong> podr\u00e1 recabar los siguientes datos personales de manera directa (por formularios, correo electr\u00f3nico o tel\u00e9fono), indirecta (por terceros autorizados o redes sociales), o mediante el uso del sitio web:|<\/p>\n<ul data-start=\"1254\" data-end=\"1584\">\n<li data-start=\"1254\" data-end=\"1274\">\n<p data-start=\"1256\" data-end=\"1274\">Nombre completo.<\/p>\n<\/li>\n<li data-start=\"1275\" data-end=\"1298\">\n<p data-start=\"1277\" data-end=\"1298\">Correo electr\u00f3nico.<\/p>\n<\/li>\n<li data-start=\"1299\" data-end=\"1324\">\n<p data-start=\"1301\" data-end=\"1324\">Tel\u00e9fono de contacto.<\/p>\n<\/li>\n<li data-start=\"1325\" data-end=\"1362\">\n<p data-start=\"1327\" data-end=\"1362\">Direcci\u00f3n de env\u00edo y facturaci\u00f3n.<\/p>\n<\/li>\n<li data-start=\"1363\" data-end=\"1388\">\n<p data-start=\"1365\" data-end=\"1388\">RFC y datos fiscales.<\/p>\n<\/li>\n<li data-start=\"1389\" data-end=\"1460\">\n<p data-start=\"1391\" data-end=\"1460\">Informaci\u00f3n de pago (sin almacenar datos bancarios confidenciales).<\/p>\n<\/li>\n<li data-start=\"1461\" data-end=\"1584\">\n<p data-start=\"1463\" data-end=\"1584\">Datos t\u00e9cnicos de navegaci\u00f3n (IP, cookies, identificadores del dispositivo, tiempo de permanencia y p\u00e1ginas visitadas).<\/p>\n<\/li>\n<\/ul>\n<hr data-start=\"1586\" data-end=\"1589\" \/>\n<h2 data-start=\"1591\" data-end=\"1626\"><\/h2>\n<h2 data-start=\"1591\" data-end=\"1626\">3. Finalidades del Tratamiento<\/h2>\n<p data-start=\"1627\" data-end=\"2013\">Los datos personales ser\u00e1n utilizados para las siguientes <strong data-start=\"1685\" data-end=\"1710\">finalidades primarias<\/strong>:<br data-start=\"1711\" data-end=\"1714\" \/>a) Procesar pedidos, pagos, entregas y facturaci\u00f3n de productos.<br data-start=\"1778\" data-end=\"1781\" \/>b) Dar seguimiento a solicitudes, aclaraciones o devoluciones.<br data-start=\"1843\" data-end=\"1846\" \/>c) Mantener contacto con el cliente para informaci\u00f3n sobre su compra.<br data-start=\"1915\" data-end=\"1918\" \/>d) Cumplir obligaciones legales, fiscales y contractuales derivadas de la relaci\u00f3n comercial.<\/p>\n<p data-start=\"2015\" data-end=\"2228\">Y las siguientes <strong data-start=\"2032\" data-end=\"2059\">finalidades secundarias<\/strong>:<br data-start=\"2060\" data-end=\"2063\" \/>a) Enviar promociones, ofertas o lanzamientos especiales.<br data-start=\"2120\" data-end=\"2123\" \/>b) Elaborar estudios de mercado y h\u00e1bitos de consumo.<br data-start=\"2176\" data-end=\"2179\" \/>c) Enviar boletines o newsletters informativos.<\/p>\n<p data-start=\"2230\" data-end=\"2389\">Si usted no desea que sus datos se utilicen para finalidades secundarias, puede manifestarlo siguiendo el procedimiento descrito en el punto 8 de este aviso.<\/p>\n<hr data-start=\"2391\" data-end=\"2394\" \/>\n<h2 data-start=\"2396\" data-end=\"2443\"><\/h2>\n<h2 data-start=\"2396\" data-end=\"2443\">4. Uso de Cookies y Tecnolog\u00edas de Rastreo<\/h2>\n<p data-start=\"2444\" data-end=\"2724\">El sitio <strong data-start=\"2453\" data-end=\"2479\"><a data-start=\"2455\" data-end=\"2477\" rel=\"noopener\" target=\"_new\" class=\"decorated-link cursor-pointer\">www.dulcemorita.com.mx<span aria-hidden=\"true\" class=\"ms-0.5 inline-block align-middle leading-none\"><svg width=\"20\" height=\"20\" viewbox=\"0 0 20 20\" fill=\"currentColor\" xmlns=\"http:\/\/www.w3.org\/2000\/svg\" data-rtl-flip=\"\" class=\"block h-[0.75em] w-[0.75em] stroke-current stroke-[0.75]\"><path d=\"M14.3349 13.3301V6.60645L5.47065 15.4707C5.21095 15.7304 4.78895 15.7304 4.52925 15.4707C4.26955 15.211 4.26955 14.789 4.52925 14.5293L13.3935 5.66504H6.66011C6.29284 5.66504 5.99507 5.36727 5.99507 5C5.99507 4.63273 6.29284 4.33496 6.66011 4.33496H14.9999L15.1337 4.34863C15.4369 4.41057 15.665 4.67857 15.665 5V13.3301C15.6649 13.6973 15.3672 13.9951 14.9999 13.9951C14.6327 13.9951 14.335 13.6973 14.3349 13.3301Z\"><\/path><\/svg><\/span><\/a><\/strong> utiliza cookies, web beacons y tecnolog\u00edas similares para mejorar la experiencia del usuario, analizar tr\u00e1fico y ofrecer contenido personalizado.<br data-start=\"2625\" data-end=\"2628\" \/>Usted puede desactivar o modificar el uso de cookies a trav\u00e9s de las opciones de su navegador.<\/p>\n<hr data-start=\"2726\" data-end=\"2729\" \/>\n<h2 data-start=\"2731\" data-end=\"2773\"><\/h2>\n<h2 data-start=\"2731\" data-end=\"2773\">5. Transferencias de Datos Personales<\/h2>\n<p data-start=\"2774\" data-end=\"2893\"><strong data-start=\"2774\" data-end=\"2790\">DULCE MORITA<\/strong> no transferir\u00e1 sus datos personales a terceros sin su consentimiento, salvo en los siguientes casos:<\/p>\n<ul data-start=\"2894\" data-end=\"3156\">\n<li data-start=\"2894\" data-end=\"2957\">\n<p data-start=\"2896\" data-end=\"2957\">Autoridades competentes que lo requieran conforme a la ley.<\/p>\n<\/li>\n<li data-start=\"2958\" data-end=\"3027\">\n<p data-start=\"2960\" data-end=\"3027\">Empresas de mensajer\u00eda o paqueter\u00eda para la entrega de productos.<\/p>\n<\/li>\n<li data-start=\"3028\" data-end=\"3156\">\n<p data-start=\"3030\" data-end=\"3156\">Proveedores de servicios tecnol\u00f3gicos, hosting o pasarelas de pago, con cl\u00e1usulas de confidencialidad y protecci\u00f3n de datos.<\/p>\n<\/li>\n<\/ul>\n<hr data-start=\"3158\" data-end=\"3161\" \/>\n<h2 data-start=\"3163\" data-end=\"3191\"><\/h2>\n<h2 data-start=\"3163\" data-end=\"3191\">6. Medidas de Seguridad<\/h2>\n<p data-start=\"3192\" data-end=\"3426\"><strong data-start=\"3192\" data-end=\"3208\">DULCE MORITA<\/strong> ha implementado medidas administrativas, t\u00e9cnicas y f\u00edsicas para proteger sus datos personales contra da\u00f1o, p\u00e9rdida, alteraci\u00f3n, destrucci\u00f3n o uso no autorizado, conforme al art\u00edculo 19 del Reglamento de la LFPDPPP.<\/p>\n<hr data-start=\"3428\" data-end=\"3431\" \/>\n<h2 data-start=\"3433\" data-end=\"3454\"><\/h2>\n<h2 data-start=\"3433\" data-end=\"3454\">7. Derechos ARCO<\/h2>\n<p data-start=\"3455\" data-end=\"3617\">Usted tiene derecho a <strong data-start=\"3477\" data-end=\"3488\">Acceder<\/strong>, <strong data-start=\"3490\" data-end=\"3504\">Rectificar<\/strong>, <strong data-start=\"3506\" data-end=\"3518\">Cancelar<\/strong> u <strong data-start=\"3521\" data-end=\"3533\">Oponerse<\/strong> al tratamiento de sus datos personales, as\u00ed como a <strong data-start=\"3585\" data-end=\"3614\">revocar su consentimiento<\/strong>.<\/p>\n<p data-start=\"3619\" data-end=\"3734\">Para ejercer estos derechos, deber\u00e1 enviar una solicitud al correo:<br data-start=\"3686\" data-end=\"3689\" \/>\ud83d\udce7 <strong data-start=\"3692\" data-end=\"3732\"><a data-start=\"3694\" data-end=\"3730\" class=\"decorated-link cursor-pointer\" rel=\"noopener\">atencionaclientes@dulcemorita.com.mx<span aria-hidden=\"true\" class=\"ms-0.5 inline-block align-middle leading-none\"><svg width=\"20\" height=\"20\" viewbox=\"0 0 20 20\" fill=\"currentColor\" xmlns=\"http:\/\/www.w3.org\/2000\/svg\" data-rtl-flip=\"\" class=\"block h-[0.75em] w-[0.75em] stroke-current stroke-[0.75]\"><path d=\"M14.3349 13.3301V6.60645L5.47065 15.4707C5.21095 15.7304 4.78895 15.7304 4.52925 15.4707C4.26955 15.211 4.26955 14.789 4.52925 14.5293L13.3935 5.66504H6.66011C6.29284 5.66504 5.99507 5.36727 5.99507 5C5.99507 4.63273 6.29284 4.33496 6.66011 4.33496H14.9999L15.1337 4.34863C15.4369 4.41057 15.665 4.67857 15.665 5V13.3301C15.6649 13.6973 15.3672 13.9951 14.9999 13.9951C14.6327 13.9951 14.335 13.6973 14.3349 13.3301Z\"><\/path><\/svg><\/span><\/a><\/strong><\/p>\n<p data-start=\"3736\" data-end=\"3767\">Su solicitud deber\u00e1 contener:<\/p>\n<ul data-start=\"3768\" data-end=\"3958\">\n<li data-start=\"3768\" data-end=\"3791\">\n<p data-start=\"3770\" data-end=\"3791\">Nombre del titular.<\/p>\n<\/li>\n<li data-start=\"3792\" data-end=\"3834\">\n<p data-start=\"3794\" data-end=\"3834\">Documentos que acrediten su identidad.<\/p>\n<\/li>\n<li data-start=\"3835\" data-end=\"3899\">\n<p data-start=\"3837\" data-end=\"3899\">Descripci\u00f3n clara de los datos o derechos que desea ejercer.<\/p>\n<\/li>\n<li data-start=\"3900\" data-end=\"3958\">\n<p data-start=\"3902\" data-end=\"3958\">Domicilio o correo electr\u00f3nico para recibir respuesta.<\/p>\n<\/li>\n<\/ul>\n<p data-start=\"3960\" data-end=\"4111\">El \u00e1rea de <strong data-start=\"3971\" data-end=\"4016\">Atenci\u00f3n a Clientes \u2013 Protecci\u00f3n de Datos<\/strong> dar\u00e1 respuesta en un plazo m\u00e1ximo de <strong data-start=\"4054\" data-end=\"4073\">20 d\u00edas h\u00e1biles<\/strong>, conforme a la legislaci\u00f3n vigente.<\/p>\n<hr data-start=\"4113\" data-end=\"4116\" \/>\n<h2 data-start=\"4118\" data-end=\"4190\"><\/h2>\n<h2 data-start=\"4118\" data-end=\"4190\">8. Revocaci\u00f3n del Consentimiento y Limitaci\u00f3n del Uso o Divulgaci\u00f3n<\/h2>\n<p data-start=\"4191\" data-end=\"4411\">En cualquier momento puede revocar el consentimiento otorgado para el tratamiento de sus datos personales, o limitar su uso o divulgaci\u00f3n, enviando una solicitud al correo:<br data-start=\"4363\" data-end=\"4366\" \/>\ud83d\udce7 <strong data-start=\"4369\" data-end=\"4409\"><a data-start=\"4371\" data-end=\"4407\" class=\"decorated-link cursor-pointer\" rel=\"noopener\">atencionaclientes@dulcemorita.com.mx<span aria-hidden=\"true\" class=\"ms-0.5 inline-block align-middle leading-none\"><svg width=\"20\" height=\"20\" viewbox=\"0 0 20 20\" fill=\"currentColor\" xmlns=\"http:\/\/www.w3.org\/2000\/svg\" data-rtl-flip=\"\" class=\"block h-[0.75em] w-[0.75em] stroke-current stroke-[0.75]\"><path d=\"M14.3349 13.3301V6.60645L5.47065 15.4707C5.21095 15.7304 4.78895 15.7304 4.52925 15.4707C4.26955 15.211 4.26955 14.789 4.52925 14.5293L13.3935 5.66504H6.66011C6.29284 5.66504 5.99507 5.36727 5.99507 5C5.99507 4.63273 6.29284 4.33496 6.66011 4.33496H14.9999L15.1337 4.34863C15.4369 4.41057 15.665 4.67857 15.665 5V13.3301C15.6649 13.6973 15.3672 13.9951 14.9999 13.9951C14.6327 13.9951 14.335 13.6973 14.3349 13.3301Z\"><\/path><\/svg><\/span><\/a><\/strong><\/p>\n<hr data-start=\"4413\" data-end=\"4416\" \/>\n<h2 data-start=\"4418\" data-end=\"4456\"><\/h2>\n<h2 data-start=\"4418\" data-end=\"4456\">9. Cambios al Aviso de Privacidad<\/h2>\n<p data-start=\"4457\" data-end=\"4691\"><strong data-start=\"4457\" data-end=\"4473\">DULCE MORITA<\/strong> se reserva el derecho de modificar o actualizar el presente Aviso de Privacidad en cualquier momento. Las modificaciones estar\u00e1n disponibles en el sitio web <strong data-start=\"4631\" data-end=\"4657\"><a data-start=\"4633\" data-end=\"4655\" rel=\"noopener\" target=\"_new\" class=\"decorated-link cursor-pointer\">www.dulcemorita.com.mx<span aria-hidden=\"true\" class=\"ms-0.5 inline-block align-middle leading-none\"><svg width=\"20\" height=\"20\" viewbox=\"0 0 20 20\" fill=\"currentColor\" xmlns=\"http:\/\/www.w3.org\/2000\/svg\" data-rtl-flip=\"\" class=\"block h-[0.75em] w-[0.75em] stroke-current stroke-[0.75]\"><path d=\"M14.3349 13.3301V6.60645L5.47065 15.4707C5.21095 15.7304 4.78895 15.7304 4.52925 15.4707C4.26955 15.211 4.26955 14.789 4.52925 14.5293L13.3935 5.66504H6.66011C6.29284 5.66504 5.99507 5.36727 5.99507 5C5.99507 4.63273 6.29284 4.33496 6.66011 4.33496H14.9999L15.1337 4.34863C15.4369 4.41057 15.665 4.67857 15.665 5V13.3301C15.6649 13.6973 15.3672 13.9951 14.9999 13.9951C14.6327 13.9951 14.335 13.6973 14.3349 13.3301Z\"><\/path><\/svg><\/span><\/a><\/strong>, secci\u00f3n \u201cAviso de Privacidad\u201d.<\/p>\n<hr data-start=\"4693\" data-end=\"4696\" \/>\n<h2 data-start=\"4698\" data-end=\"4727\"><\/h2>\n<h2 data-start=\"4698\" data-end=\"4727\">10. Autoridad Competente<\/h2>\n<p data-start=\"4728\" data-end=\"4973\">Si considera que su derecho a la protecci\u00f3n de datos personales ha sido vulnerado, puede acudir ante el <strong data-start=\"4832\" data-end=\"4936\">Instituto Nacional de Transparencia, Acceso a la Informaci\u00f3n y Protecci\u00f3n de Datos Personales (INAI)<\/strong>, en su portal <strong data-start=\"4951\" data-end=\"4970\"><a data-start=\"4953\" data-end=\"4968\" rel=\"noopener\" target=\"_new\" class=\"decorated-link cursor-pointer\">www.inai.org.mx<span aria-hidden=\"true\" class=\"ms-0.5 inline-block align-middle leading-none\"><svg width=\"20\" height=\"20\" viewbox=\"0 0 20 20\" fill=\"currentColor\" xmlns=\"http:\/\/www.w3.org\/2000\/svg\" data-rtl-flip=\"\" class=\"block h-[0.75em] w-[0.75em] stroke-current stroke-[0.75]\"><path d=\"M14.3349 13.3301V6.60645L5.47065 15.4707C5.21095 15.7304 4.78895 15.7304 4.52925 15.4707C4.26955 15.211 4.26955 14.789 4.52925 14.5293L13.3935 5.66504H6.66011C6.29284 5.66504 5.99507 5.36727 5.99507 5C5.99507 4.63273 6.29284 4.33496 6.66011 4.33496H14.9999L15.1337 4.34863C15.4369 4.41057 15.665 4.67857 15.665 5V13.3301C15.6649 13.6973 15.3672 13.9951 14.9999 13.9951C14.6327 13.9951 14.335 13.6973 14.3349 13.3301Z\"><\/path><\/svg><\/span><\/a><\/strong>.<\/p>\n<hr data-start=\"4975\" data-end=\"4978\" \/>\n<h2 data-start=\"4980\" data-end=\"5023\"><\/h2>\n<h2 data-start=\"4980\" data-end=\"5023\">11. Aceptaci\u00f3n del Aviso de Privacidad<\/h2>\n<p data-start=\"5024\" data-end=\"5167\">El uso del sitio web, la entrega de informaci\u00f3n o la compra de productos implica la aceptaci\u00f3n del presente <strong data-start=\"5132\" data-end=\"5164\">Aviso de Privacidad Integral<\/strong>.<\/p>\n<p>[\/et_pb_text][\/et_pb_column][\/et_pb_row][\/et_pb_section]<\/p>\n","protected":false},"excerpt":{"rendered":"<p>AVISO\u00a0 DE\u00a0 PRIVACIDAD1. Identidad y Domicilio del Responsable DULCE MORITA, nombre Comercial representado por B&amp;B WORLD TRADING S.A de C.V con domicilio en Calle Torcuato Tasso #245 Col. Polanco V secci\u00f3n, alcald\u00eda Miguel Hidalgo, C.P. 11560, Ciudad de M\u00e9xico, es responsable del tratamiento, uso, protecci\u00f3n y confidencialidad de los datos personales que recaba de sus [&hellip;]<\/p>\n","protected":false},"author":1,"featured_media":0,"parent":0,"menu_order":0,"comment_status":"closed","ping_status":"open","template":"","meta":{"_et_pb_use_builder":"on","_et_pb_old_content":"<!-- wp:heading -->\n<h2 class=\"wp-block-heading\">Qui\u00e9nes somos<\/h2>\n<!-- \/wp:heading -->\n<!-- wp:paragraph -->\n<p><strong class=\"privacy-policy-tutorial\">Texto sugerido: <\/strong>La direcci\u00f3n de nuestra web es: https:\/\/www.dulcemorita.com.mx.<\/p>\n<!-- \/wp:paragraph -->\n<!-- wp:heading -->\n<h2 class=\"wp-block-heading\">Comentarios<\/h2>\n<!-- \/wp:heading -->\n<!-- wp:paragraph -->\n<p><strong class=\"privacy-policy-tutorial\">Texto sugerido: <\/strong>Cuando los visitantes dejan comentarios en la web, recopilamos los datos que se muestran en el formulario de comentarios, as\u00ed como la direcci\u00f3n IP del visitante y la cadena de agentes de usuario del navegador para ayudar a la detecci\u00f3n de spam.<\/p>\n<!-- \/wp:paragraph -->\n<!-- wp:paragraph -->\n<p>Una cadena an\u00f3nima creada a partir de tu direcci\u00f3n de correo electr\u00f3nico (tambi\u00e9n llamada hash) puede ser proporcionada al servicio de Gravatar para ver si la est\u00e1s usando. La pol\u00edtica de privacidad del servicio Gravatar est\u00e1 disponible aqu\u00ed: https:\/\/automattic.com\/privacy\/. Despu\u00e9s de la aprobaci\u00f3n de tu comentario, la imagen de tu perfil es visible para el p\u00fablico en el contexto de tu comentario.<\/p>\n<!-- \/wp:paragraph -->\n<!-- wp:heading -->\n<h2 class=\"wp-block-heading\">Medios<\/h2>\n<!-- \/wp:heading -->\n<!-- wp:paragraph -->\n<p><strong class=\"privacy-policy-tutorial\">Texto sugerido: <\/strong>Si subes im\u00e1genes a la web, deber\u00edas evitar subir im\u00e1genes con datos de ubicaci\u00f3n (GPS EXIF) incluidos. Los visitantes de la web pueden descargar y extraer cualquier dato de ubicaci\u00f3n de las im\u00e1genes de la web.<\/p>\n<!-- \/wp:paragraph -->\n<!-- wp:heading -->\n<h2 class=\"wp-block-heading\">Cookies<\/h2>\n<!-- \/wp:heading -->\n<!-- wp:paragraph -->\n<p><strong class=\"privacy-policy-tutorial\">Texto sugerido: <\/strong>Si dejas un comentario en nuestro sitio puedes elegir guardar tu nombre, direcci\u00f3n de correo electr\u00f3nico y web en cookies. Esto es para tu comodidad, para que no tengas que volver a rellenar tus datos cuando dejes otro comentario. Estas cookies tendr\u00e1n una duraci\u00f3n de un a\u00f1o.<\/p>\n<!-- \/wp:paragraph -->\n<!-- wp:paragraph -->\n<p>Si tienes una cuenta y te conectas a este sitio, instalaremos una cookie temporal para determinar si tu navegador acepta cookies. Esta cookie no contiene datos personales y se elimina al cerrar el navegador.<\/p>\n<!-- \/wp:paragraph -->\n<!-- wp:paragraph -->\n<p>Cuando accedas, tambi\u00e9n instalaremos varias cookies para guardar tu informaci\u00f3n de acceso y tus opciones de visualizaci\u00f3n de pantalla. Las cookies de acceso duran dos d\u00edas, y las cookies de opciones de pantalla duran un a\u00f1o. Si seleccionas \u00abRecu\u00e9rdarme\u00bb, tu acceso perdurar\u00e1 durante dos semanas. Si sales de tu cuenta, las cookies de acceso se eliminar\u00e1n.<\/p>\n<!-- \/wp:paragraph -->\n<!-- wp:paragraph -->\n<p>Si editas o publicas un art\u00edculo se guardar\u00e1 una cookie adicional en tu navegador. Esta cookie no incluye datos personales y simplemente indica el ID del art\u00edculo que acabas de editar. Caduca despu\u00e9s de 1 d\u00eda.<\/p>\n<!-- \/wp:paragraph -->\n<!-- wp:heading -->\n<h2 class=\"wp-block-heading\">Contenido incrustado de otros sitios web<\/h2>\n<!-- \/wp:heading -->\n<!-- wp:paragraph -->\n<p><strong class=\"privacy-policy-tutorial\">Texto sugerido: <\/strong>Los art\u00edculos de este sitio pueden incluir contenido incrustado (por ejemplo, v\u00eddeos, im\u00e1genes, art\u00edculos, etc.). El contenido incrustado de otras webs se comporta exactamente de la misma manera que si el visitante hubiera visitado la otra web.<\/p>\n<!-- \/wp:paragraph -->\n<!-- wp:paragraph -->\n<p>Estas web pueden recopilar datos sobre ti, utilizar cookies, incrustar un seguimiento adicional de terceros, y supervisar tu interacci\u00f3n con ese contenido incrustado, incluido el seguimiento de tu interacci\u00f3n con el contenido incrustado si tienes una cuenta y est\u00e1s conectado a esa web.<\/p>\n<!-- \/wp:paragraph -->\n<!-- wp:heading -->\n<h2 class=\"wp-block-heading\">Con qui\u00e9n compartimos tus datos<\/h2>\n<!-- \/wp:heading -->\n<!-- wp:paragraph -->\n<p><strong class=\"privacy-policy-tutorial\">Texto sugerido: <\/strong>Si solicitas un restablecimiento de contrase\u00f1a, tu direcci\u00f3n IP ser\u00e1 incluida en el correo electr\u00f3nico de restablecimiento.<\/p>\n<!-- \/wp:paragraph -->\n<!-- wp:heading -->\n<h2 class=\"wp-block-heading\">Cu\u00e1nto tiempo conservamos tus datos<\/h2>\n<!-- \/wp:heading -->\n<!-- wp:paragraph -->\n<p><strong class=\"privacy-policy-tutorial\">Texto sugerido: <\/strong>Si dejas un comentario, el comentario y sus metadatos se conservan indefinidamente. Esto es para que podamos reconocer y aprobar comentarios sucesivos autom\u00e1ticamente, en lugar de mantenerlos en una cola de moderaci\u00f3n.<\/p>\n<!-- \/wp:paragraph -->\n<!-- wp:paragraph -->\n<p>De los usuarios que se registran en nuestra web (si los hay), tambi\u00e9n almacenamos la informaci\u00f3n personal que proporcionan en su perfil de usuario. Todos los usuarios pueden ver, editar o eliminar su informaci\u00f3n personal en cualquier momento (excepto que no pueden cambiar su nombre de usuario). Los administradores de la web tambi\u00e9n pueden ver y editar esa informaci\u00f3n.<\/p>\n<!-- \/wp:paragraph -->\n<!-- wp:heading -->\n<h2 class=\"wp-block-heading\">Qu\u00e9 derechos tienes sobre tus datos<\/h2>\n<!-- \/wp:heading -->\n<!-- wp:paragraph -->\n<p><strong class=\"privacy-policy-tutorial\">Texto sugerido: <\/strong>Si tienes una cuenta o has dejado comentarios en esta web, puedes solicitar recibir un archivo de exportaci\u00f3n de los datos personales que tenemos sobre ti, incluyendo cualquier dato que nos hayas proporcionado. Tambi\u00e9n puedes solicitar que eliminemos cualquier dato personal que tengamos sobre ti. Esto no incluye ning\u00fan dato que estemos obligados a conservar con fines administrativos, legales o de seguridad.<\/p>\n<!-- \/wp:paragraph -->\n<!-- wp:heading -->\n<h2 class=\"wp-block-heading\">D\u00f3nde se env\u00edan tus datos<\/h2>\n<!-- \/wp:heading -->\n<!-- wp:paragraph -->\n<p><strong class=\"privacy-policy-tutorial\">Texto sugerido: <\/strong>Los comentarios de los visitantes puede que los revise un servicio de detecci\u00f3n autom\u00e1tica de spam.<\/p>\n<!-- \/wp:paragraph -->\n","_et_gb_content_width":"","footnotes":""},"class_list":["post-3","page","type-page","status-publish","hentry"],"_links":{"self":[{"href":"https:\/\/www.dulcemorita.com.mx\/index.php?rest_route=\/wp\/v2\/pages\/3","targetHints":{"allow":["GET"]}}],"collection":[{"href":"https:\/\/www.dulcemorita.com.mx\/index.php?rest_route=\/wp\/v2\/pages"}],"about":[{"href":"https:\/\/www.dulcemorita.com.mx\/index.php?rest_route=\/wp\/v2\/types\/page"}],"author":[{"embeddable":true,"href":"https:\/\/www.dulcemorita.com.mx\/index.php?rest_route=\/wp\/v2\/users\/1"}],"replies":[{"embeddable":true,"href":"https:\/\/www.dulcemorita.com.mx\/index.php?rest_route=%2Fwp%2Fv2%2Fcomments&post=3"}],"version-history":[{"count":6,"href":"https:\/\/www.dulcemorita.com.mx\/index.php?rest_route=\/wp\/v2\/pages\/3\/revisions"}],"predecessor-version":[{"id":161,"href":"https:\/\/www.dulcemorita.com.mx\/index.php?rest_route=\/wp\/v2\/pages\/3\/revisions\/161"}],"wp:attachment":[{"href":"https:\/\/www.dulcemorita.com.mx\/index.php?rest_route=%2Fwp%2Fv2%2Fmedia&parent=3"}],"curies":[{"name":"wp","href":"https:\/\/api.w.org\/{rel}","templated":true}]}}