{"id":11,"date":"2025-11-03T23:15:16","date_gmt":"2025-11-03T22:15:16","guid":{"rendered":"https:\/\/www.dulcemorita.com.mx\/?page_id=11"},"modified":"2025-11-03T22:47:44","modified_gmt":"2025-11-04T04:47:44","slug":"reembolso_devoluciones","status":"publish","type":"page","link":"https:\/\/www.dulcemorita.com.mx\/?page_id=11","title":{"rendered":"Pol\u00edtica de devoluciones y reembolsos"},"content":{"rendered":"<p>[et_pb_section fb_built=\u00bb1&#8243; admin_label=\u00bbsection\u00bb _builder_version=\u00bb4.27.4&#8243; background_color=\u00bb#f8f5ee\u00bb hover_enabled=\u00bb0&#8243; global_colors_info=\u00bb{}\u00bb custom_padding=\u00bb130px||||false|false\u00bb sticky_enabled=\u00bb0&#8243;][et_pb_row admin_label=\u00bbrow\u00bb _builder_version=\u00bb4.16&#8243; background_size=\u00bbinitial\u00bb background_position=\u00bbtop_left\u00bb background_repeat=\u00bbrepeat\u00bb global_colors_info=\u00bb{}\u00bb][et_pb_column type=\u00bb4_4&#8243; _builder_version=\u00bb4.16&#8243; custom_padding=\u00bb|||\u00bb global_colors_info=\u00bb{}\u00bb custom_padding__hover=\u00bb|||\u00bb][et_pb_text _builder_version=\u00bb4.27.4&#8243; _module_preset=\u00bbdefault\u00bb header_2_font=\u00bb|700|||||||\u00bb header_2_text_align=\u00bbcenter\u00bb header_2_text_color=\u00bb#d4b75c\u00bb header_2_font_size=\u00bb40px\u00bb header_2_font_size_tablet=\u00bb40px\u00bb header_2_font_size_phone=\u00bb39px\u00bb header_2_font_size_last_edited=\u00bbon|phone\u00bb global_colors_info=\u00bb{}\u00bb]<\/p>\n<h2>POL\u00cdTICA\u00a0 DE\u00a0 DEVOLUCIONES\u00a0 Y\u00a0 REEMBOLSOS<\/h2>\n<p>[\/et_pb_text][et_pb_text _builder_version=\u00bb4.27.4&#8243; _module_preset=\u00bbdefault\u00bb text_text_color=\u00bb#5b2c89&#8243; header_2_font=\u00bb|700|||||||\u00bb header_2_text_align=\u00bbcenter\u00bb header_2_text_color=\u00bb#d4b75c\u00bb header_2_font_size=\u00bb40px\u00bb header_3_text_color=\u00bb#2d9c4e\u00bb header_2_font_size_tablet=\u00bb40px\u00bb header_2_font_size_phone=\u00bb39px\u00bb header_2_font_size_last_edited=\u00bbon|phone\u00bb global_colors_info=\u00bb{}\u00bb]<\/p>\n<h3 data-start=\"528\" data-end=\"571\"><strong data-start=\"532\" data-end=\"571\">DULCE\u00a0 MORITA<\/strong><\/h3>\n<p data-start=\"442\" data-end=\"521\">(Vigente a partir del 1\u00b0 de noviembre de 2025)<\/p>\n<hr data-start=\"523\" data-end=\"526\" \/>\n<h3 data-start=\"528\" data-end=\"571\"><strong data-start=\"532\" data-end=\"571\">CAP\u00cdTULO I. DISPOSICIONES GENERALES<\/strong><\/h3>\n<p><strong data-start=\"532\" data-end=\"571\"><\/strong><\/p>\n<p data-start=\"576\" data-end=\"862\"><strong data-start=\"576\" data-end=\"587\">1. Objeto.<\/strong><br data-start=\"587\" data-end=\"590\" \/>La presente Pol\u00edtica tiene por objeto establecer los lineamientos aplicables para la devoluci\u00f3n y\/o reembolso de los productos comercializados por <strong data-start=\"737\" data-end=\"767\">EB THEKOB, S.A. DE C.V.<\/strong> (en lo sucesivo \u201cDULCE MORITA\u201d), tanto en su tienda en l\u00ednea como en su punto de venta f\u00edsico.<\/p>\n<p data-start=\"867\" data-end=\"1305\"><strong data-start=\"867\" data-end=\"899\">2. Naturaleza de los productos.<\/strong><br data-start=\"899\" data-end=\"902\" \/>Los productos de DULCE MORITA son alimentos empacados con una vida \u00fatil de seis (6) meses bajo condiciones de sellado y conservaci\u00f3n adecuadas (temperaturas no mayores a 22\u00b0C y sin exposici\u00f3n directa al sol o humedad). Por su naturaleza alimentaria y por motivos de higiene y sanidad, <strong data-start=\"1187\" data-end=\"1304\">no se aceptan devoluciones de productos abiertos, manipulados o que presenten alteraciones en su empaque original<\/strong>.<\/p>\n<p data-start=\"1310\" data-end=\"1472\"><strong data-start=\"1310\" data-end=\"1340\">3. Aceptaci\u00f3n de la pol\u00edtica.<\/strong><br data-start=\"1340\" data-end=\"1343\" \/>Al efectuar una compra, el cliente declara haber le\u00eddo, comprendido y aceptado los t\u00e9rminos establecidos en la presente Pol\u00edtica.<\/p>\n<hr data-start=\"1474\" data-end=\"1477\" \/>\n<h3 data-start=\"1479\" data-end=\"1523\"><strong data-start=\"1483\" data-end=\"1523\">CAP\u00cdTULO II. SUPUESTOS DE DEVOLUCI\u00d3N<\/strong><\/h3>\n<p data-start=\"1528\" data-end=\"1615\"><strong data-start=\"1528\" data-end=\"1574\">1. Devoluciones por defecto o error de env\u00edo.<\/strong><br data-start=\"1574\" data-end=\"1577\" \/>Solo se aceptar\u00e1n devoluciones cuando:<\/p>\n<ul data-start=\"1619\" data-end=\"1791\">\n<li data-start=\"1619\" data-end=\"1673\">\n<p data-start=\"1621\" data-end=\"1673\">El producto recibido no corresponda al solicitado.<\/p>\n<\/li>\n<li data-start=\"1677\" data-end=\"1791\">\n<p data-start=\"1679\" data-end=\"1791\">El producto presente defectos de fabricaci\u00f3n o alteraciones visibles en su empaque al momento de la recepci\u00f3n.<\/p>\n<\/li>\n<\/ul>\n<p data-start=\"1796\" data-end=\"2086\">En estos casos, el cliente deber\u00e1 notificarlo a trav\u00e9s del correo electr\u00f3nico <strong data-start=\"1874\" data-end=\"1914\"><a data-start=\"1876\" data-end=\"1912\" class=\"decorated-link cursor-pointer\" rel=\"noopener\">atencionaclientes@dulcemorita.com.mx<span aria-hidden=\"true\" class=\"ms-0.5 inline-block align-middle leading-none\"><svg width=\"20\" height=\"20\" viewbox=\"0 0 20 20\" fill=\"currentColor\" xmlns=\"http:\/\/www.w3.org\/2000\/svg\" data-rtl-flip=\"\" class=\"block h-[0.75em] w-[0.75em] stroke-current stroke-[0.75]\"><path d=\"M14.3349 13.3301V6.60645L5.47065 15.4707C5.21095 15.7304 4.78895 15.7304 4.52925 15.4707C4.26955 15.211 4.26955 14.789 4.52925 14.5293L13.3935 5.66504H6.66011C6.29284 5.66504 5.99507 5.36727 5.99507 5C5.99507 4.63273 6.29284 4.33496 6.66011 4.33496H14.9999L15.1337 4.34863C15.4369 4.41057 15.665 4.67857 15.665 5V13.3301C15.6649 13.6973 15.3672 13.9951 14.9999 13.9951C14.6327 13.9951 14.335 13.6973 14.3349 13.3301Z\"><\/path><\/svg><\/span><\/a><\/strong> dentro de un plazo m\u00e1ximo de <strong data-start=\"1944\" data-end=\"1970\">cinco (5) d\u00edas h\u00e1biles<\/strong> contados a partir de la fecha de recepci\u00f3n del producto, adjuntando evidencia fotogr\u00e1fica clara del da\u00f1o o error.<\/p>\n<p data-start=\"2091\" data-end=\"2354\"><strong data-start=\"2091\" data-end=\"2122\">2. Autorizaci\u00f3n de devoluci\u00f3n.<\/strong><br data-start=\"2122\" data-end=\"2125\" \/>DULCE MORITA evaluar\u00e1 cada solicitud y, en caso de proceder, emitir\u00e1 una <strong data-start=\"2198\" data-end=\"2237\">Gu\u00eda de Devoluci\u00f3n Autorizada (GDA)<\/strong> con instrucciones precisas para el retorno del producto. No se aceptar\u00e1n devoluciones sin dicha autorizaci\u00f3n previa.<\/p>\n<p data-start=\"2359\" data-end=\"2420\"><strong data-start=\"2359\" data-end=\"2388\">3. Condiciones de recepci\u00f3n.<\/strong><br data-start=\"2388\" data-end=\"2391\" \/>El producto deber\u00e1 conservar:<\/p>\n<ul>\n<li style=\"list-style-type: none;\">\n<ul data-start=\"2424\" data-end=\"2610\">\n<li data-start=\"2424\" data-end=\"2460\">\n<p data-start=\"2426\" data-end=\"2460\">Su <strong data-start=\"2429\" data-end=\"2457\">empaque original sellado<\/strong>,<\/p>\n<\/li>\n<li data-start=\"2464\" data-end=\"2513\">\n<p data-start=\"2466\" data-end=\"2513\">Las <strong data-start=\"2470\" data-end=\"2510\">etiquetas y c\u00f3digos de lote visibles<\/strong>,<\/p>\n<\/li>\n<li data-start=\"2517\" data-end=\"2610\">\n<p data-start=\"2519\" data-end=\"2610\">Y no presentar <strong data-start=\"2534\" data-end=\"2609\">signos de manipulaci\u00f3n, apertura o exposici\u00f3n a condiciones inadecuadas<\/strong>.<\/p>\n<\/li>\n<\/ul>\n<\/li>\n<\/ul>\n<hr data-start=\"2612\" data-end=\"2615\" \/>\n<h3 data-start=\"2617\" data-end=\"2657\"><strong data-start=\"2621\" data-end=\"2657\">CAP\u00cdTULO III. TIEMPOS DE PROCESO<\/strong><\/h3>\n<ol data-start=\"2659\" data-end=\"3093\">\n<li data-start=\"2659\" data-end=\"2898\">\n<p data-start=\"2662\" data-end=\"2898\"><strong data-start=\"2662\" data-end=\"2690\">Evaluaci\u00f3n y resoluci\u00f3n.<\/strong><br data-start=\"2690\" data-end=\"2693\" \/>DULCE MORITA cuenta con un plazo de hasta <strong data-start=\"2735\" data-end=\"2763\">quince (15) d\u00edas h\u00e1biles<\/strong> a partir de la recepci\u00f3n f\u00edsica del producto para resolver el procedimiento de devoluci\u00f3n y emitir la nota de cr\u00e9dito correspondiente.<\/p>\n<\/li>\n<li data-start=\"2900\" data-end=\"3093\">\n<p data-start=\"2903\" data-end=\"3093\"><strong data-start=\"2903\" data-end=\"2936\">Tiempos de env\u00edo y recepci\u00f3n.<\/strong><br data-start=\"2936\" data-end=\"2939\" \/>El cliente ser\u00e1 responsable de los costos y tiempos de env\u00edo derivados de la devoluci\u00f3n, salvo en los casos en que el error sea atribuible a DULCE MORITA.<\/p>\n<\/li>\n<\/ol>\n<hr data-start=\"3095\" data-end=\"3098\" \/>\n<h3 data-start=\"3100\" data-end=\"3150\"><strong data-start=\"3104\" data-end=\"3150\">CAP\u00cdTULO IV. REEMBOLSOS Y NOTAS DE CR\u00c9DITO<\/strong><\/h3>\n<ol data-start=\"3152\" data-end=\"3916\">\n<li data-start=\"3152\" data-end=\"3465\">\n<p data-start=\"3155\" data-end=\"3465\"><strong data-start=\"3155\" data-end=\"3178\">Forma de reembolso.<\/strong><br data-start=\"3178\" data-end=\"3181\" \/>Los reembolsos se realizar\u00e1n <strong data-start=\"3210\" data-end=\"3291\">exclusivamente mediante la emisi\u00f3n de una nota de cr\u00e9dito a favor del cliente<\/strong>, equivalente al monto total de la devoluci\u00f3n autorizada.<br data-start=\"3348\" data-end=\"3351\" \/>Esta nota podr\u00e1 ser utilizada como saldo a favor en futuras compras en la tienda en l\u00ednea o punto de venta f\u00edsico.<\/p>\n<\/li>\n<li data-start=\"3467\" data-end=\"3766\">\n<p data-start=\"3470\" data-end=\"3766\"><strong data-start=\"3470\" data-end=\"3508\">Excepciones de reembolso bancario.<\/strong><br data-start=\"3508\" data-end=\"3511\" \/>Solo en casos excepcionales y cuando as\u00ed lo exijan las disposiciones legales aplicables, DULCE MORITA podr\u00e1 autorizar un reembolso directo al <strong data-start=\"3653\" data-end=\"3716\">instrumento bancario con el que se haya efectuado la compra<\/strong>, siempre previa validaci\u00f3n documental y bancaria.<\/p>\n<\/li>\n<li data-start=\"3768\" data-end=\"3916\">\n<p data-start=\"3771\" data-end=\"3916\"><strong data-start=\"3771\" data-end=\"3793\">No acumulabilidad.<\/strong><br data-start=\"3793\" data-end=\"3796\" \/>Las notas de cr\u00e9dito no son transferibles, reembolsables en efectivo, ni acumulables con otras promociones o descuentos.<\/p>\n<\/li>\n<\/ol>\n<hr data-start=\"3918\" data-end=\"3921\" \/>\n<h3 data-start=\"3923\" data-end=\"3993\"><strong data-start=\"3927\" data-end=\"3993\">CAP\u00cdTULO V. PENAS CONVENCIONALES Y RESPONSABILIDAD DEL CLIENTE<\/strong><\/h3>\n<ol data-start=\"3995\" data-end=\"4598\">\n<li data-start=\"3995\" data-end=\"4307\">\n<p data-start=\"3998\" data-end=\"4307\"><strong data-start=\"3998\" data-end=\"4031\">Incumplimiento de requisitos.<\/strong><br data-start=\"4031\" data-end=\"4034\" \/>Si el cliente incumple cualquiera de las condiciones establecidas para la devoluci\u00f3n (plazos, integridad del producto, falta de autorizaci\u00f3n previa, entre otros), <strong data-start=\"4197\" data-end=\"4244\">la solicitud ser\u00e1 autom\u00e1ticamente rechazada<\/strong> y el producto devuelto no ser\u00e1 objeto de reembolso ni cr\u00e9dito.<\/p>\n<\/li>\n<li data-start=\"4309\" data-end=\"4598\">\n<p data-start=\"4312\" data-end=\"4598\"><strong data-start=\"4312\" data-end=\"4333\">Costos derivados.<\/strong><br data-start=\"4333\" data-end=\"4336\" \/>Todo gasto log\u00edstico, de transporte o administrativo ocasionado por devoluciones improcedentes ser\u00e1 asumido por el cliente.<br data-start=\"4459\" data-end=\"4462\" \/>En caso de reincidencia, DULCE MORITA podr\u00e1 suspender temporalmente el acceso del cliente a la tienda en l\u00ednea o a promociones vigentes.<\/p>\n<\/li>\n<\/ol>\n<hr data-start=\"4600\" data-end=\"4603\" \/>\n<h3 data-start=\"4605\" data-end=\"4645\"><strong data-start=\"4609\" data-end=\"4645\">CAP\u00cdTULO VI. CONTACTO Y ATENCI\u00d3N<\/strong><\/h3>\n<p data-start=\"4647\" data-end=\"4909\">Para cualquier duda, aclaraci\u00f3n o solicitud relacionada con devoluciones o reembolsos, el cliente podr\u00e1 comunicarse al correo:<br data-start=\"4773\" data-end=\"4776\" \/>\ud83d\udce9 <strong data-start=\"4779\" data-end=\"4819\"><a data-start=\"4781\" data-end=\"4817\" class=\"decorated-link cursor-pointer\" rel=\"noopener\">atencionaclientes@dulcemorita.com.mx<span aria-hidden=\"true\" class=\"ms-0.5 inline-block align-middle leading-none\"><svg width=\"20\" height=\"20\" viewbox=\"0 0 20 20\" fill=\"currentColor\" xmlns=\"http:\/\/www.w3.org\/2000\/svg\" data-rtl-flip=\"\" class=\"block h-[0.75em] w-[0.75em] stroke-current stroke-[0.75]\"><path d=\"M14.3349 13.3301V6.60645L5.47065 15.4707C5.21095 15.7304 4.78895 15.7304 4.52925 15.4707C4.26955 15.211 4.26955 14.789 4.52925 14.5293L13.3935 5.66504H6.66011C6.29284 5.66504 5.99507 5.36727 5.99507 5C5.99507 4.63273 6.29284 4.33496 6.66011 4.33496H14.9999L15.1337 4.34863C15.4369 4.41057 15.665 4.67857 15.665 5V13.3301C15.6649 13.6973 15.3672 13.9951 14.9999 13.9951C14.6327 13.9951 14.335 13.6973 14.3349 13.3301Z\"><\/path><\/svg><\/span><\/a><\/strong><br data-start=\"4819\" data-end=\"4822\" \/>Horario de atenci\u00f3n: lunes a viernes de 9:00 a 17:00 horas (hora del centro de M\u00e9xico).<\/p>\n<p>[\/et_pb_text][\/et_pb_column][\/et_pb_row][\/et_pb_section]<\/p>\n","protected":false},"excerpt":{"rendered":"<p>POL\u00cdTICA\u00a0 DE\u00a0 DEVOLUCIONES\u00a0 Y\u00a0 REEMBOLSOSDULCE\u00a0 MORITA (Vigente a partir del 1\u00b0 de noviembre de 2025) CAP\u00cdTULO I. DISPOSICIONES GENERALES 1. Objeto.La presente Pol\u00edtica tiene por objeto establecer los lineamientos aplicables para la devoluci\u00f3n y\/o reembolso de los productos comercializados por EB THEKOB, S.A. DE C.V. (en lo sucesivo \u201cDULCE MORITA\u201d), tanto en su tienda en [&hellip;]<\/p>\n","protected":false},"author":1,"featured_media":0,"parent":0,"menu_order":0,"comment_status":"closed","ping_status":"closed","template":"","meta":{"_et_pb_use_builder":"on","_et_pb_old_content":"<!-- wp:paragraph -->\n<p><b>This is a sample page.<\/b><\/p>\n<!-- \/wp:paragraph -->\n\n<!-- wp:heading -->\n<h2 class=\"wp-block-heading\">Overview<\/h2>\n<!-- \/wp:heading -->\n\n<!-- wp:paragraph -->\n<p>Our refund and returns policy lasts 30 days. If 30 days have passed since your purchase, we can\u2019t offer you a full refund or exchange.<\/p>\n<!-- \/wp:paragraph -->\n\n<!-- wp:paragraph -->\n<p>To be eligible for a return, your item must be unused and in the same condition that you received it. It must also be in the original packaging.<\/p>\n<!-- \/wp:paragraph -->\n\n<!-- wp:paragraph -->\n<p>Several types of goods are exempt from being returned. Perishable goods such as food, flowers, newspapers or magazines cannot be returned. We also do not accept products that are intimate or sanitary goods, hazardous materials, or flammable liquids or gases.<\/p>\n<!-- \/wp:paragraph -->\n\n<!-- wp:paragraph -->\n<p>Additional non-returnable items:<\/p>\n<!-- \/wp:paragraph -->\n\n<!-- wp:list -->\n<ul>\n<li>Gift cards<\/li>\n<li>Downloadable software products<\/li>\n<li>Some health and personal care items<\/li>\n<\/ul>\n<!-- \/wp:list -->\n\n<!-- wp:paragraph -->\n<p>To complete your return, we require a receipt or proof of purchase.<\/p>\n<!-- \/wp:paragraph -->\n\n<!-- wp:paragraph -->\n<p>Please do not send your purchase back to the manufacturer.<\/p>\n<!-- \/wp:paragraph -->\n\n<!-- wp:paragraph -->\n<p>There are certain situations where only partial refunds are granted:<\/p>\n<!-- \/wp:paragraph -->\n\n<!-- wp:list -->\n<ul>\n<li>Book with obvious signs of use<\/li>\n<li>CD, DVD, VHS tape, software, video game, cassette tape, or vinyl record that has been opened.<\/li>\n<li>Any item not in its original condition, is damaged or missing parts for reasons not due to our error.<\/li>\n<li>Any item that is returned more than 30 days after delivery<\/li>\n<\/ul>\n<!-- \/wp:list -->\n\n<!-- wp:heading -->\n<h2 class=\"wp-block-heading\">Refunds<\/h2>\n<!-- \/wp:heading -->\n\n<!-- wp:paragraph -->\n<p>Once your return is received and inspected, we will send you an email to notify you that we have received your returned item. We will also notify you of the approval or rejection of your refund.<\/p>\n<!-- \/wp:paragraph -->\n\n<!-- wp:paragraph -->\n<p>If you are approved, then your refund will be processed, and a credit will automatically be applied to your credit card or original method of payment, within a certain amount of days.<\/p>\n<!-- \/wp:paragraph -->\n\n<!-- wp:heading {\"level\":3} -->\n<h3 class=\"wp-block-heading\">Late or missing refunds<\/h3>\n<!-- \/wp:heading -->\n\n<!-- wp:paragraph -->\n<p>If you haven\u2019t received a refund yet, first check your bank account again.<\/p>\n<!-- \/wp:paragraph -->\n\n<!-- wp:paragraph -->\n<p>Then contact your credit card company, it may take some time before your refund is officially posted.<\/p>\n<!-- \/wp:paragraph -->\n\n<!-- wp:paragraph -->\n<p>Next contact your bank. There is often some processing time before a refund is posted.<\/p>\n<!-- \/wp:paragraph -->\n\n<!-- wp:paragraph -->\n<p>If you\u2019ve done all of this and you still have not received your refund yet, please contact us at {email address}.<\/p>\n<!-- \/wp:paragraph -->\n\n<!-- wp:heading {\"level\":3} -->\n<h3 class=\"wp-block-heading\">Sale items<\/h3>\n<!-- \/wp:heading -->\n\n<!-- wp:paragraph -->\n<p>Only regular priced items may be refunded. Sale items cannot be refunded.<\/p>\n<!-- \/wp:paragraph -->\n\n<!-- wp:heading -->\n<h2 class=\"wp-block-heading\">Exchanges<\/h2>\n<!-- \/wp:heading -->\n\n<!-- wp:paragraph -->\n<p>We only replace items if they are defective or damaged. If you need to exchange it for the same item, send us an email at {email address} and send your item to: {physical address}.<\/p>\n<!-- \/wp:paragraph -->\n\n<!-- wp:heading -->\n<h2 class=\"wp-block-heading\">Gifts<\/h2>\n<!-- \/wp:heading -->\n\n<!-- wp:paragraph -->\n<p>If the item was marked as a gift when purchased and shipped directly to you, you\u2019ll receive a gift credit for the value of your return. Once the returned item is received, a gift certificate will be mailed to you.<\/p>\n<!-- \/wp:paragraph -->\n\n<!-- wp:paragraph -->\n<p>If the item wasn\u2019t marked as a gift when purchased, or the gift giver had the order shipped to themselves to give to you later, we will send a refund to the gift giver and they will find out about your return.<\/p>\n<!-- \/wp:paragraph -->\n\n<!-- wp:heading -->\n<h2 class=\"wp-block-heading\">Shipping returns<\/h2>\n<!-- \/wp:heading -->\n\n<!-- wp:paragraph -->\n<p>To return your product, you should mail your product to: {physical address}.<\/p>\n<!-- \/wp:paragraph -->\n\n<!-- wp:paragraph -->\n<p>You will be responsible for paying for your own shipping costs for returning your item. Shipping costs are non-refundable. If you receive a refund, the cost of return shipping will be deducted from your refund.<\/p>\n<!-- \/wp:paragraph -->\n\n<!-- wp:paragraph -->\n<p>Depending on where you live, the time it may take for your exchanged product to reach you may vary.<\/p>\n<!-- \/wp:paragraph -->\n\n<!-- wp:paragraph -->\n<p>If you are returning more expensive items, you may consider using a trackable shipping service or purchasing shipping insurance. We don\u2019t guarantee that we will receive your returned item.<\/p>\n<!-- \/wp:paragraph -->\n\n<!-- wp:heading -->\n<h2 class=\"wp-block-heading\">Need help?<\/h2>\n<!-- \/wp:heading -->\n\n<!-- wp:paragraph -->\n<p>Contact us at {email} for questions related to refunds and returns.<\/p>\n<!-- \/wp:paragraph -->","_et_gb_content_width":"","footnotes":""},"class_list":["post-11","page","type-page","status-publish","hentry"],"_links":{"self":[{"href":"https:\/\/www.dulcemorita.com.mx\/index.php?rest_route=\/wp\/v2\/pages\/11","targetHints":{"allow":["GET"]}}],"collection":[{"href":"https:\/\/www.dulcemorita.com.mx\/index.php?rest_route=\/wp\/v2\/pages"}],"about":[{"href":"https:\/\/www.dulcemorita.com.mx\/index.php?rest_route=\/wp\/v2\/types\/page"}],"author":[{"embeddable":true,"href":"https:\/\/www.dulcemorita.com.mx\/index.php?rest_route=\/wp\/v2\/users\/1"}],"replies":[{"embeddable":true,"href":"https:\/\/www.dulcemorita.com.mx\/index.php?rest_route=%2Fwp%2Fv2%2Fcomments&post=11"}],"version-history":[{"count":4,"href":"https:\/\/www.dulcemorita.com.mx\/index.php?rest_route=\/wp\/v2\/pages\/11\/revisions"}],"predecessor-version":[{"id":160,"href":"https:\/\/www.dulcemorita.com.mx\/index.php?rest_route=\/wp\/v2\/pages\/11\/revisions\/160"}],"wp:attachment":[{"href":"https:\/\/www.dulcemorita.com.mx\/index.php?rest_route=%2Fwp%2Fv2%2Fmedia&parent=11"}],"curies":[{"name":"wp","href":"https:\/\/api.w.org\/{rel}","templated":true}]}}